{"id":31,"date":"2026-03-16T11:48:29","date_gmt":"2026-03-16T11:48:29","guid":{"rendered":"https:\/\/peritacionesaguilera.com\/?page_id=31"},"modified":"2026-03-23T08:37:58","modified_gmt":"2026-03-23T08:37:58","slug":"inicio","status":"publish","type":"page","link":"https:\/\/peritacionesaguilera.com\/","title":{"rendered":"Inicio"},"content":{"rendered":"\n<div class=\"wp-block-cover alignfull\" style=\"min-height:720px;aspect-ratio:unset;\"><span aria-hidden=\"true\" class=\"wp-block-cover__background has-ast-global-color-2-background-color has-background-dim-100 has-background-dim\"><\/span><div class=\"wp-block-cover__inner-container is-layout-flow wp-block-cover-is-layout-flow\">\n<div class=\"inherit-container-width wp-block-group alignwide is-layout-constrained wp-block-group-is-layout-constrained\">\n<div class=\"wp-block-media-text alignwide has-media-on-the-right is-stacked-on-mobile is-vertically-aligned-center has-ast-global-color-5-color has-text-color has-link-color wp-elements-593c8d9c8e82b09f703181c5fc555d5a\" style=\"padding-top:var(--wp--preset--spacing--30);padding-bottom:var(--wp--preset--spacing--30);grid-template-columns:auto 40%\"><div class=\"wp-block-media-text__content\">\n<h1 class=\"wp-block-heading has-text-align-left has-ast-global-color-5-color has-text-color\"><strong>Peritaciones y Valoraciones T\u00e9cnicas en Granada<\/strong><\/h1>\n\n\n\n<p class=\"has-white-color has-text-color has-ast-global-color-5-color has-link-color wp-elements-864075ea5b961d878145e26419897ccb\">En <strong>Peritaciones Juan R Aguilera SL<\/strong> ofrecemos servicios profesionales de <strong>peritaci\u00f3n, tasaci\u00f3n y asesoramiento t\u00e9cnico<\/strong> para particulares, empresas y entidades aseguradoras.<\/p>\n\n\n\n<p class=\"has-white-color has-text-color has-ast-global-color-5-color has-link-color wp-elements-654c88c7dd1f17ed94d5a4e1d9abf7df\">M\u00e1s de 20 a\u00f1os de experiencia realizando <strong>informes t\u00e9cnicos rigurosos, independientes y precisos<\/strong>.<\/p>\n\n\n\n<div class=\"wp-block-buttons is-layout-flex wp-block-buttons-is-layout-flex\">\n<div class=\"wp-block-button\"><a class=\"wp-block-button__link wp-element-button\" href=\"http:\/\/609 50 71 61\">Ll\u00e1manos <\/a><\/div>\n<\/div>\n<\/div><figure class=\"wp-block-media-text__media\"><img fetchpriority=\"high\" decoding=\"async\" width=\"1024\" height=\"1024\" src=\"https:\/\/peritacionesaguilera.com\/wp-content\/uploads\/2026\/03\/Diseno-sin-titulo-75-1024x1024.png\" alt=\"\" class=\"wp-image-59 size-full\" srcset=\"https:\/\/peritacionesaguilera.com\/wp-content\/uploads\/2026\/03\/Diseno-sin-titulo-75-1024x1024.png 1024w, https:\/\/peritacionesaguilera.com\/wp-content\/uploads\/2026\/03\/Diseno-sin-titulo-75-300x300.png 300w, https:\/\/peritacionesaguilera.com\/wp-content\/uploads\/2026\/03\/Diseno-sin-titulo-75-150x150.png 150w, https:\/\/peritacionesaguilera.com\/wp-content\/uploads\/2026\/03\/Diseno-sin-titulo-75-768x768.png 768w, https:\/\/peritacionesaguilera.com\/wp-content\/uploads\/2026\/03\/Diseno-sin-titulo-75-1536x1536.png 1536w, https:\/\/peritacionesaguilera.com\/wp-content\/uploads\/2026\/03\/Diseno-sin-titulo-75.png 2000w\" sizes=\"(max-width: 1024px) 100vw, 1024px\" \/><\/figure><\/div>\n<\/div>\n<\/div><\/div>\n\n\n\n<div class=\"wp-block-group alignfull has-ast-global-color-5-background-color has-background is-layout-constrained wp-container-core-group-is-layout-9cedb757 wp-block-group-is-layout-constrained\" style=\"padding-bottom:0px\">\n<div class=\"wp-block-columns are-vertically-aligned-top is-layout-flex wp-container-core-columns-is-layout-00723822 wp-block-columns-is-layout-flex\">\n<div class=\"wp-block-column is-vertically-aligned-top is-layout-flow wp-container-core-column-is-layout-6b73ce23 wp-block-column-is-layout-flow\">\n<div class=\"wp-block-group is-nowrap is-layout-flex wp-container-core-group-is-layout-6c531013 wp-block-group-is-layout-flex\">\n<figure class=\"wp-block-image size-large wp-duotone-abb8c3-ffffff-1\"><img decoding=\"async\" src=\"https:\/\/peritacionesaguilera.com\/wp-content\/themes\/astra\/inc\/assets\/images\/starter-content\/building.svg\" alt=\"\" class=\"wp-image-134\"\/><\/figure>\n<\/div>\n\n\n\n<h3 class=\"wp-block-heading has-text-align-left\" style=\"margin-top:16px\">Informes t\u00e9cnicos detallados<\/h3>\n\n\n\n<p class=\"has-text-align-left\"><\/p>\n<\/div>\n\n\n\n<div class=\"wp-block-column is-vertically-aligned-top is-layout-flow wp-container-core-column-is-layout-6b73ce23 wp-block-column-is-layout-flow\">\n<figure class=\"wp-block-image size-large is-style-default wp-duotone-rgb207207207-ffffff-2\"><img decoding=\"async\" src=\"https:\/\/peritacionesaguilera.com\/wp-content\/themes\/astra\/inc\/assets\/images\/starter-content\/shopping-bag.svg\" alt=\"\" class=\"wp-image-135\"\/><\/figure>\n\n\n\n<h3 class=\"wp-block-heading has-text-align-left\" style=\"margin-top:16px\">Valoraciones objetivas<\/h3>\n\n\n\n<p class=\"has-text-align-left\"><\/p>\n<\/div>\n\n\n\n<div class=\"wp-block-column is-vertically-aligned-top is-layout-flow wp-container-core-column-is-layout-6b73ce23 wp-block-column-is-layout-flow\">\n<figure class=\"wp-block-image size-large wp-duotone-rgb223223223-ffffff-3\"><img decoding=\"async\" src=\"https:\/\/peritacionesaguilera.com\/wp-content\/themes\/astra\/inc\/assets\/images\/starter-content\/blog.svg\" alt=\"\" class=\"wp-image-136\"\/><\/figure>\n\n\n\n<h3 class=\"wp-block-heading has-text-align-left\" style=\"margin-top:16px\">Asesoramiento especializado<\/h3>\n\n\n\n<p class=\"has-text-align-left\"><\/p>\n<\/div>\n\n\n\n<div class=\"wp-block-column is-vertically-aligned-top is-layout-flow wp-container-core-column-is-layout-6b73ce23 wp-block-column-is-layout-flow\">\n<figure class=\"wp-block-image size-large is-style-default wp-duotone-rgb216216216-ffffff-4\"><img decoding=\"async\" src=\"https:\/\/peritacionesaguilera.com\/wp-content\/themes\/astra\/inc\/assets\/images\/starter-content\/portfolio.svg\" alt=\"\" class=\"wp-image-137\"\/><\/figure>\n\n\n\n<h3 class=\"wp-block-heading has-text-align-left\" style=\"margin-top:16px\">Rapidez y confidencialidad<\/h3>\n\n\n\n<p class=\"has-text-align-left\"><\/p>\n<\/div>\n<\/div>\n<\/div>\n\n\n\n<div class=\"wp-block-group alignfull is-layout-constrained wp-container-core-group-is-layout-45b0ac4f wp-block-group-is-layout-constrained\" id=\"services\" style=\"padding-top:144px;padding-bottom:0px\">\n<h2 class=\"wp-block-heading has-text-align-center\">Nuestros Servicios<\/h2>\n\n\n\n<div class=\"wp-block-columns is-layout-flex wp-container-core-columns-is-layout-60cbf9bb wp-block-columns-is-layout-flex\" style=\"margin-top:50px\">\n<div class=\"wp-block-column is-layout-flow wp-container-core-column-is-layout-6b73ce23 wp-block-column-is-layout-flow\">\n<figure class=\"wp-block-image size-full\"><img decoding=\"async\" width=\"2000\" height=\"2000\" src=\"https:\/\/peritacionesaguilera.com\/wp-content\/uploads\/2026\/03\/perit-tecnic.png\" alt=\"\" class=\"wp-image-64\" srcset=\"https:\/\/peritacionesaguilera.com\/wp-content\/uploads\/2026\/03\/perit-tecnic.png 2000w, https:\/\/peritacionesaguilera.com\/wp-content\/uploads\/2026\/03\/perit-tecnic-300x300.png 300w, https:\/\/peritacionesaguilera.com\/wp-content\/uploads\/2026\/03\/perit-tecnic-1024x1024.png 1024w, https:\/\/peritacionesaguilera.com\/wp-content\/uploads\/2026\/03\/perit-tecnic-150x150.png 150w, https:\/\/peritacionesaguilera.com\/wp-content\/uploads\/2026\/03\/perit-tecnic-768x768.png 768w, https:\/\/peritacionesaguilera.com\/wp-content\/uploads\/2026\/03\/perit-tecnic-1536x1536.png 1536w\" sizes=\"(max-width: 2000px) 100vw, 2000px\" \/><\/figure>\n\n\n\n<h3 class=\"wp-block-heading\" style=\"margin-top:16px\">Peritaciones t\u00e9cnicas<\/h3>\n\n\n\n<p>Evaluamos da\u00f1os, defectos o incidencias, elaborando informes completos profesionales.<\/p>\n<\/div>\n\n\n\n<div class=\"wp-block-column is-layout-flow wp-container-core-column-is-layout-6b73ce23 wp-block-column-is-layout-flow\">\n<figure class=\"wp-block-image size-full\"><img decoding=\"async\" width=\"2000\" height=\"2000\" src=\"https:\/\/peritacionesaguilera.com\/wp-content\/uploads\/2026\/03\/inf-peric.png\" alt=\"\" class=\"wp-image-63\" srcset=\"https:\/\/peritacionesaguilera.com\/wp-content\/uploads\/2026\/03\/inf-peric.png 2000w, https:\/\/peritacionesaguilera.com\/wp-content\/uploads\/2026\/03\/inf-peric-300x300.png 300w, https:\/\/peritacionesaguilera.com\/wp-content\/uploads\/2026\/03\/inf-peric-1024x1024.png 1024w, https:\/\/peritacionesaguilera.com\/wp-content\/uploads\/2026\/03\/inf-peric-150x150.png 150w, https:\/\/peritacionesaguilera.com\/wp-content\/uploads\/2026\/03\/inf-peric-768x768.png 768w, https:\/\/peritacionesaguilera.com\/wp-content\/uploads\/2026\/03\/inf-peric-1536x1536.png 1536w\" sizes=\"(max-width: 2000px) 100vw, 2000px\" \/><\/figure>\n\n\n\n<h3 class=\"wp-block-heading\" style=\"margin-top:16px\">Informes periciales<\/h3>\n\n\n\n<p>Elaboraci\u00f3n de informes periciales detallados para su presentaci\u00f3n en procedimientos judiciales, reclamaciones o procesos de mediaci\u00f3n.<\/p>\n<\/div>\n\n\n\n<div class=\"wp-block-column is-layout-flow wp-container-core-column-is-layout-6b73ce23 wp-block-column-is-layout-flow\">\n<figure class=\"wp-block-image size-full is-style-default wp-duotone-unset-5\"><img loading=\"lazy\" decoding=\"async\" width=\"2000\" height=\"2000\" src=\"https:\/\/peritacionesaguilera.com\/wp-content\/uploads\/2026\/03\/valoracion-de-danos.png\" alt=\"\" class=\"wp-image-62\" srcset=\"https:\/\/peritacionesaguilera.com\/wp-content\/uploads\/2026\/03\/valoracion-de-danos.png 2000w, https:\/\/peritacionesaguilera.com\/wp-content\/uploads\/2026\/03\/valoracion-de-danos-300x300.png 300w, https:\/\/peritacionesaguilera.com\/wp-content\/uploads\/2026\/03\/valoracion-de-danos-1024x1024.png 1024w, https:\/\/peritacionesaguilera.com\/wp-content\/uploads\/2026\/03\/valoracion-de-danos-150x150.png 150w, https:\/\/peritacionesaguilera.com\/wp-content\/uploads\/2026\/03\/valoracion-de-danos-768x768.png 768w, https:\/\/peritacionesaguilera.com\/wp-content\/uploads\/2026\/03\/valoracion-de-danos-1536x1536.png 1536w\" sizes=\"(max-width: 2000px) 100vw, 2000px\" \/><\/figure>\n\n\n\n<h3 class=\"wp-block-heading\" style=\"margin-top:16px\">Valoraci\u00f3n de da\u00f1os<\/h3>\n\n\n\n<p>Evaluamos da\u00f1os materiales y determinamos su alcance, lo que permiten establecer responsabilidades y costes de reparaci\u00f3n.<\/p>\n<\/div>\n<\/div>\n<\/div>\n\n\n\n<div class=\"wp-block-group alignfull has-ast-global-color-5-background-color has-background is-layout-constrained wp-container-core-group-is-layout-94d206d0 wp-block-group-is-layout-constrained\" id=\"about\" style=\"padding-top:143px;padding-bottom:144px\">\n<div class=\"wp-block-media-text has-media-on-the-right is-stacked-on-mobile is-vertically-aligned-center\"><div class=\"wp-block-media-text__content\">\n<div class=\"inherit-container-width wp-block-group is-layout-constrained wp-container-core-group-is-layout-47ce07ec wp-block-group-is-layout-constrained\" style=\"padding-right:80px\">\n<h2 class=\"wp-block-heading\" style=\"padding-right:40px\">Profesionales del peritaje t\u00e9cnico<\/h2>\n\n\n\n<p><strong>Peritaciones Juan R Aguilera SL<\/strong> es una empresa especializada en la realizaci\u00f3n de peritaciones t\u00e9cnicas y elaboraci\u00f3n de informes profesionales con una amplia trayectoria en el sector.<\/p>\n\n\n\n<p>Nuestra experiencia nos permite analizar cada caso con precisi\u00f3n y aportar soluciones t\u00e9cnicas fundamentadas. Trabajamos con independencia y objetividad para garantizar la m\u00e1xima fiabilidad en cada informe.<\/p>\n\n\n\n<p>Colaboramos con particulares, empresas, despachos de abogados y entidades aseguradoras, ofreciendo siempre un servicio cercano y personalizado.<\/p>\n\n\n\n<div class=\"wp-block-buttons is-layout-flex wp-block-buttons-is-layout-flex\">\n<div class=\"wp-block-button is-style-fill\"><a class=\"wp-block-button__link has-ast-global-color-1-background-color has-background wp-element-button\" href=\"https:\/\/peritacionesaguilera.com\/index.php\/servicios\/\">Conocer la empresa<\/a><\/div>\n<\/div>\n<\/div>\n<\/div><figure class=\"wp-block-media-text__media\"><img decoding=\"async\" src=\"https:\/\/peritacionesaguilera.com\/wp-content\/themes\/astra\/inc\/assets\/images\/starter-content\/about-us.jpg\" alt=\"\" class=\"wp-image-237 size-full\"\/><\/figure><\/div>\n<\/div>\n\n\n\n<div class=\"wp-block-group alignfull has-ast-global-color-2-background-color has-background is-layout-constrained wp-container-core-group-is-layout-6a2cfb7b wp-block-group-is-layout-constrained\" id=\"reviews\">\n<figure class=\"wp-block-image aligncenter size-full\"><img decoding=\"async\" src=\"https:\/\/peritacionesaguilera.com\/wp-content\/themes\/astra\/inc\/assets\/images\/starter-content\/avatar.png\" alt=\"\" class=\"wp-image-235\"\/><\/figure>\n\n\n\n<p class=\"has-text-align-center has-ast-global-color-4-color has-text-color has-link-color wp-elements-f2b0e2a0e0f7834f0d418d82ba85c053\" style=\"font-size:22px;line-height:1.6\"><strong>\u201cUn buen peritaje no solo analiza los hechos, tambi\u00e9n aporta claridad y soluciones.\u201d<\/strong><\/p>\n\n\n\n<p class=\"has-text-align-center\"><\/p>\n<\/div>\n\n\n\n<div class=\"wp-block-group alignfull has-ast-global-color-5-background-color has-background is-layout-constrained wp-container-core-group-is-layout-cfcca693 wp-block-group-is-layout-constrained\" id=\"contact\" style=\"padding-top:104px;padding-bottom:104px\">\n<h2 class=\"wp-block-heading alignfull has-text-align-center has-text-color\" style=\"color:#ffffff\">\u00bfNecesita un informe pericial?<\/h2>\n\n\n\n<p class=\"has-text-align-center\">Si necesita un informe t\u00e9cnico, una valoraci\u00f3n de da\u00f1os o asesoramiento profesional, puede ponerse en contacto con nosotros y estudiaremos su caso de forma personalizada.<\/p>\n\n\n\n<p class=\"has-text-align-center\">Nuestro equipo le ofrecer\u00e1 una atenci\u00f3n r\u00e1pida y un an\u00e1lisis t\u00e9cnico adaptado a sus necesidades.<\/p>\n\n\n\n<div class=\"wp-block-buttons alignwide is-horizontal is-content-justification-center is-layout-flex wp-container-core-buttons-is-layout-bba8380a wp-block-buttons-is-layout-flex\" style=\"margin-top:50px\">\n<div class=\"wp-block-button\"><a class=\"wp-block-button__link has-ast-global-color-1-background-color has-background wp-element-button\" href=\"https:\/\/peritacionesaguilera.com\/index.php\/contacto\/\">Contactar ahora<\/a><\/div>\n<\/div>\n<\/div>\n","protected":false},"excerpt":{"rendered":"<p>Informes t\u00e9cnicos detallados Valoraciones objetivas Asesoramiento especializado Rapidez y confidencialidad Nuestros Servicios Peritaciones t\u00e9cnicas Evaluamos da\u00f1os, defectos o incidencias, elaborando [&hellip;]<\/p>\n","protected":false},"author":1,"featured_media":0,"parent":0,"menu_order":0,"comment_status":"closed","ping_status":"closed","template":"","meta":{"site-sidebar-layout":"no-sidebar","site-content-layout":"plain-container","ast-site-content-layout":"default","site-content-style":"default","site-sidebar-style":"default","ast-global-header-display":"","ast-banner-title-visibility":"","ast-main-header-display":"","ast-hfb-above-header-display":"","ast-hfb-below-header-display":"","ast-hfb-mobile-header-display":"","site-post-title":"disabled","ast-breadcrumbs-content":"","ast-featured-img":"","footer-sml-layout":"","ast-disable-related-posts":"","theme-transparent-header-meta":"enabled","adv-header-id-meta":"","stick-header-meta":"","header-above-stick-meta":"","header-main-stick-meta":"","header-below-stick-meta":"","astra-migrate-meta-layouts":"default","ast-page-background-enabled":"default","ast-page-background-meta":{"desktop":{"background-color":"var(--ast-global-color-5)","background-image":"","background-repeat":"repeat","background-position":"center center","background-size":"auto","background-attachment":"scroll","background-type":"","background-media":"","overlay-type":"","overlay-color":"","overlay-opacity":"","overlay-gradient":""},"tablet":{"background-color":"","background-image":"","background-repeat":"repeat","background-position":"center center","background-size":"auto","background-attachment":"scroll","background-type":"","background-media":"","overlay-type":"","overlay-color":"","overlay-opacity":"","overlay-gradient":""},"mobile":{"background-color":"","background-image":"","background-repeat":"repeat","background-position":"center center","background-size":"auto","background-attachment":"scroll","background-type":"","background-media":"","overlay-type":"","overlay-color":"","overlay-opacity":"","overlay-gradient":""}},"ast-content-background-meta":{"desktop":{"background-color":"var(--ast-global-color-4)","background-image":"","background-repeat":"repeat","background-position":"center center","background-size":"auto","background-attachment":"scroll","background-type":"","background-media":"","overlay-type":"","overlay-color":"","overlay-opacity":"","overlay-gradient":""},"tablet":{"background-color":"var(--ast-global-color-4)","background-image":"","background-repeat":"repeat","background-position":"center center","background-size":"auto","background-attachment":"scroll","background-type":"","background-media":"","overlay-type":"","overlay-color":"","overlay-opacity":"","overlay-gradient":""},"mobile":{"background-color":"var(--ast-global-color-4)","background-image":"","background-repeat":"repeat","background-position":"center center","background-size":"auto","background-attachment":"scroll","background-type":"","background-media":"","overlay-type":"","overlay-color":"","overlay-opacity":"","overlay-gradient":""}},"footnotes":""},"class_list":["post-31","page","type-page","status-publish","hentry"],"yoast_head":"<!-- This site is optimized with the Yoast SEO plugin v27.2 - https:\/\/yoast.com\/product\/yoast-seo-wordpress\/ -->\n<title>Inicio - Peritaciones Juan R Aguilera<\/title>\n<meta name=\"description\" content=\"En Peritaciones Juan R Aguilera SL ofrecemos servicios profesionales de peritaci\u00f3n, tasaci\u00f3n y asesoramiento.\" \/>\n<meta name=\"robots\" content=\"index, follow, max-snippet:-1, max-image-preview:large, max-video-preview:-1\" \/>\n<link rel=\"canonical\" href=\"https:\/\/peritacionesaguilera.com\/\" \/>\n<meta property=\"og:locale\" content=\"es_ES\" \/>\n<meta property=\"og:type\" content=\"article\" \/>\n<meta property=\"og:title\" content=\"Inicio - Peritaciones Juan R Aguilera\" \/>\n<meta property=\"og:description\" content=\"En Peritaciones Juan R Aguilera SL ofrecemos servicios profesionales de peritaci\u00f3n, tasaci\u00f3n y asesoramiento.\" \/>\n<meta property=\"og:url\" content=\"https:\/\/peritacionesaguilera.com\/\" \/>\n<meta property=\"og:site_name\" content=\"Peritaciones Juan R Aguilera\" \/>\n<meta property=\"article:modified_time\" content=\"2026-03-23T08:37:58+00:00\" \/>\n<meta property=\"og:image\" content=\"https:\/\/peritacionesaguilera.com\/wp-content\/uploads\/2026\/03\/Diseno-sin-titulo-75-1024x1024.png\" \/>\n\t<meta property=\"og:image:width\" content=\"1024\" \/>\n\t<meta property=\"og:image:height\" content=\"1024\" \/>\n\t<meta property=\"og:image:type\" content=\"image\/png\" \/>\n<meta name=\"twitter:card\" content=\"summary_large_image\" \/>\n<meta name=\"twitter:label1\" content=\"Tiempo de lectura\" \/>\n\t<meta name=\"twitter:data1\" content=\"4 minutos\" \/>\n<script type=\"application\/ld+json\" class=\"yoast-schema-graph\">{\"@context\":\"https:\/\/schema.org\",\"@graph\":[{\"@type\":\"WebPage\",\"@id\":\"https:\/\/peritacionesaguilera.com\/\",\"url\":\"https:\/\/peritacionesaguilera.com\/\",\"name\":\"Inicio - Peritaciones Juan R Aguilera\",\"isPartOf\":{\"@id\":\"https:\/\/peritacionesaguilera.com\/#website\"},\"primaryImageOfPage\":{\"@id\":\"https:\/\/peritacionesaguilera.com\/#primaryimage\"},\"image\":{\"@id\":\"https:\/\/peritacionesaguilera.com\/#primaryimage\"},\"thumbnailUrl\":\"https:\/\/peritacionesaguilera.com\/wp-content\/uploads\/2026\/03\/Diseno-sin-titulo-75-1024x1024.png\",\"datePublished\":\"2026-03-16T11:48:29+00:00\",\"dateModified\":\"2026-03-23T08:37:58+00:00\",\"description\":\"En Peritaciones Juan R Aguilera SL ofrecemos servicios profesionales de peritaci\u00f3n, tasaci\u00f3n y asesoramiento.\",\"breadcrumb\":{\"@id\":\"https:\/\/peritacionesaguilera.com\/#breadcrumb\"},\"inLanguage\":\"es\",\"potentialAction\":[{\"@type\":\"ReadAction\",\"target\":[\"https:\/\/peritacionesaguilera.com\/\"]}]},{\"@type\":\"ImageObject\",\"inLanguage\":\"es\",\"@id\":\"https:\/\/peritacionesaguilera.com\/#primaryimage\",\"url\":\"https:\/\/peritacionesaguilera.com\/wp-content\/uploads\/2026\/03\/Diseno-sin-titulo-75.png\",\"contentUrl\":\"https:\/\/peritacionesaguilera.com\/wp-content\/uploads\/2026\/03\/Diseno-sin-titulo-75.png\",\"width\":2000,\"height\":2000},{\"@type\":\"BreadcrumbList\",\"@id\":\"https:\/\/peritacionesaguilera.com\/#breadcrumb\",\"itemListElement\":[{\"@type\":\"ListItem\",\"position\":1,\"name\":\"Portada\",\"item\":\"https:\/\/peritacionesaguilera.com\/\"},{\"@type\":\"ListItem\",\"position\":2,\"name\":\"Inicio\"}]},{\"@type\":\"WebSite\",\"@id\":\"https:\/\/peritacionesaguilera.com\/#website\",\"url\":\"https:\/\/peritacionesaguilera.com\/\",\"name\":\"Peritaciones Juan R Aguilera\",\"description\":\"\",\"publisher\":{\"@id\":\"https:\/\/peritacionesaguilera.com\/#organization\"},\"potentialAction\":[{\"@type\":\"SearchAction\",\"target\":{\"@type\":\"EntryPoint\",\"urlTemplate\":\"https:\/\/peritacionesaguilera.com\/?s={search_term_string}\"},\"query-input\":{\"@type\":\"PropertyValueSpecification\",\"valueRequired\":true,\"valueName\":\"search_term_string\"}}],\"inLanguage\":\"es\"},{\"@type\":\"Organization\",\"@id\":\"https:\/\/peritacionesaguilera.com\/#organization\",\"name\":\"Peritaciones Juan R Aguilera\",\"url\":\"https:\/\/peritacionesaguilera.com\/\",\"logo\":{\"@type\":\"ImageObject\",\"inLanguage\":\"es\",\"@id\":\"https:\/\/peritacionesaguilera.com\/#\/schema\/logo\/image\/\",\"url\":\"https:\/\/peritacionesaguilera.com\/wp-content\/uploads\/2026\/03\/cropped-CLARO.jpg\",\"contentUrl\":\"https:\/\/peritacionesaguilera.com\/wp-content\/uploads\/2026\/03\/cropped-CLARO.jpg\",\"width\":800,\"height\":800,\"caption\":\"Peritaciones Juan R Aguilera\"},\"image\":{\"@id\":\"https:\/\/peritacionesaguilera.com\/#\/schema\/logo\/image\/\"}}]}<\/script>\n<!-- \/ Yoast SEO plugin. -->","yoast_head_json":{"title":"Inicio - Peritaciones Juan R Aguilera","description":"En Peritaciones Juan R Aguilera SL ofrecemos servicios profesionales de peritaci\u00f3n, tasaci\u00f3n y asesoramiento.","robots":{"index":"index","follow":"follow","max-snippet":"max-snippet:-1","max-image-preview":"max-image-preview:large","max-video-preview":"max-video-preview:-1"},"canonical":"https:\/\/peritacionesaguilera.com\/","og_locale":"es_ES","og_type":"article","og_title":"Inicio - Peritaciones Juan R Aguilera","og_description":"En Peritaciones Juan R Aguilera SL ofrecemos servicios profesionales de peritaci\u00f3n, tasaci\u00f3n y asesoramiento.","og_url":"https:\/\/peritacionesaguilera.com\/","og_site_name":"Peritaciones Juan R Aguilera","article_modified_time":"2026-03-23T08:37:58+00:00","og_image":[{"width":1024,"height":1024,"url":"https:\/\/peritacionesaguilera.com\/wp-content\/uploads\/2026\/03\/Diseno-sin-titulo-75-1024x1024.png","type":"image\/png"}],"twitter_card":"summary_large_image","twitter_misc":{"Tiempo de lectura":"4 minutos"},"schema":{"@context":"https:\/\/schema.org","@graph":[{"@type":"WebPage","@id":"https:\/\/peritacionesaguilera.com\/","url":"https:\/\/peritacionesaguilera.com\/","name":"Inicio - Peritaciones Juan R Aguilera","isPartOf":{"@id":"https:\/\/peritacionesaguilera.com\/#website"},"primaryImageOfPage":{"@id":"https:\/\/peritacionesaguilera.com\/#primaryimage"},"image":{"@id":"https:\/\/peritacionesaguilera.com\/#primaryimage"},"thumbnailUrl":"https:\/\/peritacionesaguilera.com\/wp-content\/uploads\/2026\/03\/Diseno-sin-titulo-75-1024x1024.png","datePublished":"2026-03-16T11:48:29+00:00","dateModified":"2026-03-23T08:37:58+00:00","description":"En Peritaciones Juan R Aguilera SL ofrecemos servicios profesionales de peritaci\u00f3n, tasaci\u00f3n y asesoramiento.","breadcrumb":{"@id":"https:\/\/peritacionesaguilera.com\/#breadcrumb"},"inLanguage":"es","potentialAction":[{"@type":"ReadAction","target":["https:\/\/peritacionesaguilera.com\/"]}]},{"@type":"ImageObject","inLanguage":"es","@id":"https:\/\/peritacionesaguilera.com\/#primaryimage","url":"https:\/\/peritacionesaguilera.com\/wp-content\/uploads\/2026\/03\/Diseno-sin-titulo-75.png","contentUrl":"https:\/\/peritacionesaguilera.com\/wp-content\/uploads\/2026\/03\/Diseno-sin-titulo-75.png","width":2000,"height":2000},{"@type":"BreadcrumbList","@id":"https:\/\/peritacionesaguilera.com\/#breadcrumb","itemListElement":[{"@type":"ListItem","position":1,"name":"Portada","item":"https:\/\/peritacionesaguilera.com\/"},{"@type":"ListItem","position":2,"name":"Inicio"}]},{"@type":"WebSite","@id":"https:\/\/peritacionesaguilera.com\/#website","url":"https:\/\/peritacionesaguilera.com\/","name":"Peritaciones Juan R Aguilera","description":"","publisher":{"@id":"https:\/\/peritacionesaguilera.com\/#organization"},"potentialAction":[{"@type":"SearchAction","target":{"@type":"EntryPoint","urlTemplate":"https:\/\/peritacionesaguilera.com\/?s={search_term_string}"},"query-input":{"@type":"PropertyValueSpecification","valueRequired":true,"valueName":"search_term_string"}}],"inLanguage":"es"},{"@type":"Organization","@id":"https:\/\/peritacionesaguilera.com\/#organization","name":"Peritaciones Juan R Aguilera","url":"https:\/\/peritacionesaguilera.com\/","logo":{"@type":"ImageObject","inLanguage":"es","@id":"https:\/\/peritacionesaguilera.com\/#\/schema\/logo\/image\/","url":"https:\/\/peritacionesaguilera.com\/wp-content\/uploads\/2026\/03\/cropped-CLARO.jpg","contentUrl":"https:\/\/peritacionesaguilera.com\/wp-content\/uploads\/2026\/03\/cropped-CLARO.jpg","width":800,"height":800,"caption":"Peritaciones Juan R Aguilera"},"image":{"@id":"https:\/\/peritacionesaguilera.com\/#\/schema\/logo\/image\/"}}]}},"_links":{"self":[{"href":"https:\/\/peritacionesaguilera.com\/index.php\/wp-json\/wp\/v2\/pages\/31","targetHints":{"allow":["GET"]}}],"collection":[{"href":"https:\/\/peritacionesaguilera.com\/index.php\/wp-json\/wp\/v2\/pages"}],"about":[{"href":"https:\/\/peritacionesaguilera.com\/index.php\/wp-json\/wp\/v2\/types\/page"}],"author":[{"embeddable":true,"href":"https:\/\/peritacionesaguilera.com\/index.php\/wp-json\/wp\/v2\/users\/1"}],"replies":[{"embeddable":true,"href":"https:\/\/peritacionesaguilera.com\/index.php\/wp-json\/wp\/v2\/comments?post=31"}],"version-history":[{"count":8,"href":"https:\/\/peritacionesaguilera.com\/index.php\/wp-json\/wp\/v2\/pages\/31\/revisions"}],"predecessor-version":[{"id":106,"href":"https:\/\/peritacionesaguilera.com\/index.php\/wp-json\/wp\/v2\/pages\/31\/revisions\/106"}],"wp:attachment":[{"href":"https:\/\/peritacionesaguilera.com\/index.php\/wp-json\/wp\/v2\/media?parent=31"}],"curies":[{"name":"wp","href":"https:\/\/api.w.org\/{rel}","templated":true}]}}